{"id":6798,"date":"2025-02-19T09:44:16","date_gmt":"2025-02-19T08:44:16","guid":{"rendered":"https:\/\/www.salondeluxe.at\/home\/?page_id=6798"},"modified":"2025-10-23T17:40:23","modified_gmt":"2025-10-23T15:40:23","slug":"impressum","status":"publish","type":"page","link":"https:\/\/www.salondeluxe.at\/home\/impressum\/","title":{"rendered":"Impressum"},"content":{"rendered":"[vc_row type=&#8220;full_width_background&#8220; full_screen_row_position=&#8220;middle&#8220; column_margin=&#8220;default&#8220; column_direction=&#8220;default&#8220; column_direction_tablet=&#8220;default&#8220; column_direction_phone=&#8220;default&#8220; bg_color=&#8220;#f7f7f7&#8243; scene_position=&#8220;center&#8220; top_padding=&#8220;6&#8243; bottom_padding=&#8220;10&#8243; text_color=&#8220;dark&#8220; text_align=&#8220;left&#8220; row_border_radius=&#8220;none&#8220; row_border_radius_applies=&#8220;bg&#8220; zindex=&#8220;100&#8243; overflow=&#8220;visible&#8220; overlay_strength=&#8220;0.3&#8243; gradient_direction=&#8220;left_to_right&#8220; shape_divider_position=&#8220;bottom&#8220; bg_image_animation=&#8220;none&#8220; shape_type=&#8220;&#8220; gradient_type=&#8220;default&#8220;][vc_column column_padding=&#8220;no-extra-padding&#8220; column_padding_tablet=&#8220;inherit&#8220; column_padding_phone=&#8220;inherit&#8220; column_padding_position=&#8220;all&#8220; column_element_direction_desktop=&#8220;default&#8220; column_element_spacing=&#8220;default&#8220; centered_text=&#8220;true&#8220; desktop_text_alignment=&#8220;default&#8220; tablet_text_alignment=&#8220;default&#8220; phone_text_alignment=&#8220;default&#8220; background_color_opacity=&#8220;1&#8243; background_hover_color_opacity=&#8220;1&#8243; column_backdrop_filter=&#8220;none&#8220; column_shadow=&#8220;none&#8220; column_border_radius=&#8220;none&#8220; column_link_target=&#8220;_self&#8220; column_position=&#8220;default&#8220; gradient_direction=&#8220;left_to_right&#8220; overlay_strength=&#8220;0.3&#8243; width=&#8220;1\/1&#8243; tablet_width_inherit=&#8220;default&#8220; animation_type=&#8220;default&#8220; bg_image_animation=&#8220;none&#8220; border_type=&#8220;simple&#8220; column_border_width=&#8220;none&#8220; column_border_style=&#8220;solid&#8220; column_padding_type=&#8220;default&#8220; gradient_type=&#8220;default&#8220;][nectar_highlighted_text color_type=&#8220;regular&#8220; style=&#8220;half_text&#8220; text_direction=&#8220;default&#8220;]\n<h1 style=\"text-align: center;\"><em>Impressum<\/em><\/h1>\n[\/nectar_highlighted_text][\/vc_column][\/vc_row][vc_row type=&#8220;in_container&#8220; full_screen_row_position=&#8220;middle&#8220; column_margin=&#8220;default&#8220; column_direction=&#8220;default&#8220; column_direction_tablet=&#8220;default&#8220; column_direction_phone=&#8220;default&#8220; scene_position=&#8220;center&#8220; top_padding=&#8220;90&#8243; text_color=&#8220;dark&#8220; text_align=&#8220;left&#8220; row_border_radius=&#8220;none&#8220; row_border_radius_applies=&#8220;bg&#8220; overflow=&#8220;visible&#8220; overlay_strength=&#8220;0.3&#8243; gradient_direction=&#8220;left_to_right&#8220; shape_divider_position=&#8220;bottom&#8220; bg_image_animation=&#8220;none&#8220; gradient_type=&#8220;default&#8220; shape_type=&#8220;&#8220;][vc_column column_padding=&#8220;no-extra-padding&#8220; column_padding_tablet=&#8220;inherit&#8220; column_padding_phone=&#8220;inherit&#8220; column_padding_position=&#8220;all&#8220; column_element_direction_desktop=&#8220;default&#8220; column_element_spacing=&#8220;default&#8220; desktop_text_alignment=&#8220;default&#8220; tablet_text_alignment=&#8220;default&#8220; phone_text_alignment=&#8220;default&#8220; background_color_opacity=&#8220;1&#8243; background_hover_color_opacity=&#8220;1&#8243; column_backdrop_filter=&#8220;none&#8220; column_shadow=&#8220;none&#8220; column_border_radius=&#8220;none&#8220; column_link_target=&#8220;_self&#8220; column_position=&#8220;default&#8220; gradient_direction=&#8220;left_to_right&#8220; overlay_strength=&#8220;0.3&#8243; width=&#8220;1\/1&#8243; tablet_width_inherit=&#8220;default&#8220; animation_type=&#8220;default&#8220; bg_image_animation=&#8220;none&#8220; border_type=&#8220;simple&#8220; column_border_width=&#8220;none&#8220; column_border_style=&#8220;solid&#8220;][vc_column_text css=&#8220;&#8220; text_direction=&#8220;default&#8220;]\n<div class=\"container\">\n<div class=\"vc_row wpb_row vc_row-fluid vc_row-628e85f878499\">\n<div class=\"wpb_column vc_column_container vc_col-sm-12 vc_row-628e85f8786dd\">\n<div class=\"vc_column-inner \">\n<div class=\"wpb_wrapper\">\n<div class=\"wpb_text_column wpb_content_element \">\n<div class=\"wpb_wrapper\">\n<h3 style=\"text-align: center;\">Informationspflicht<\/h3>\n<p style=\"text-align: center;\">Informationspflicht laut \u00a75 E-Commerce Gesetz, \u00a714 Unternehmensgesetzbuch, \u00a763 Gewerbeordnung und Offenlegungspflicht laut \u00a725 Mediengesetz<\/p>\n<p style=\"text-align: center;\"><b>Salon Deluxe \/\/ Ranegger &amp; Partner OG<\/b><\/p>\n<p style=\"text-align: center;\">Firmenbuchnummer: 265755t<br \/>\nFirmengericht: Graz<br \/>\nUID-Nummer: ATU61917117<br \/>\nDreihackengasse 12, 8020 Graz<br \/>\n\u00d6sterreich<\/p>\n<p style=\"text-align: center;\"><strong>F\u00fcr den Inhalt verantwortlich:<\/strong> Salon deluxe \/\/ Ranegger &amp; Partner OG<br \/>\n<strong>Technische Umsetzung:<\/strong> Salon deluxe<br \/>\n<strong>Texte:<\/strong> Nina Popp, Salon deluxe<br \/>\n<strong>Fotos Testimonials\/\/Kunden:<\/strong> IV-Steiermark (Kanizaj Marija-M.), RNPD Raunigg &amp; Partner, Heinz Ferlesch (Nini Tschavoll), Geriatrische Gesundheitszentren der Stadt Graz (Elias Jerusalem) Gesundheitsfonds Steiermark (Thomas Fischer), Conclusio PR Bratungs GmbH (Harry Schiffer), Zam Steiermark (Harry Schiffer)<\/p>\n<p style=\"text-align: center;\"><b>Unternehmensgegenstand:<\/b> Filmproduktion und Fototografie<\/p>\n<div style=\"text-align: center;\"><a href=\"http:\/\/web.archive.org\/web\/20220525193937\/mailto:studio@salondeluxe.at.at\">studio@salondeluxe.at<\/a><\/div>\n<p style=\"text-align: center;\"><b>Mitglied bei:<\/b> <a href=\"https:\/\/firmen.wko.at\/ranegger-%26-partner-og-salon-deluxe\/steiermark\/?firmaid=b6c351cd-42e5-4962-b15d-4a3cf116bede\" target=\"_blank\" rel=\"noopener\">WKO Steiermark<\/a><br \/>\n<b>Berufsrecht:<\/b> Gewerbeordnung <a href=\"http:\/\/web.archive.org\/web\/20220525193937\/http:\/\/www.ris.bka.gv.at\/\" target=\"_blank\" rel=\"noopener\">www.ris.bka.gv.at<\/a><\/p>\n<p style=\"text-align: center;\"><b>Aufsichts-\/Gewerbebeh\u00f6rde:<\/b> Magistrat der Stadt Graz<br \/>\n<b>Verleihungsstaat:<\/b> \u00d6sterreich<\/p>\n<h3 style=\"text-align: center;\">Haftungsausschluss<\/h3>\n<p style=\"text-align: center;\">Diese Website wurde mit gr\u00f6\u00dfter Sorgfalt erstellt. Trotzdem k\u00f6nnen wir keine Haftung f\u00fcr die Richtigkeit, Vollst\u00e4ndigkeit und Aktualit\u00e4t aller Inhalte auf dieser Website \u00fcbernehmen. Sollten Ihnen problematische oder rechtswidrige Inhalte auffallen, bitte wir Sie uns umgehend zu kontaktieren, Sie finden die Kontaktdaten im Impressum.<\/p>\n<h3 style=\"text-align: center;\">Nutzungs- und Urheberrechte<\/h3>\n<p style=\"text-align: center;\">S\u00e4mtliche Inhalte dieser Website (Texte, Bilder, Filme, Videos, Grafiken,\u2026) unterliegen dem Urheberrecht. Sie d\u00fcrfen nur nach ausdr\u00fccklicher Genehmigung des Eigent\u00fcmers verwendet werden.<\/p>\n<h3 style=\"text-align: center;\">Haftung f\u00fcr Links<\/h3>\n<p style=\"text-align: center;\">Diese Seite enth\u00e4lt Links zu externen Webseiten Dritter, auf deren Inhalte wir keinen Einfluss haben. F\u00fcr diese fremden Inhalte k\u00f6nnen wir keine Gew\u00e4hr \u00fcbernehmen. F\u00fcr die Inhalte der verlinkten Seiten ist der jeweilige Anbieter oder Betreiber der Seiten verantwortlich.<\/p>\n<h3 style=\"text-align: center;\">Datenschutz<\/h3>\n<p style=\"text-align: center;\">Wir haben diese Datenschutzerkl\u00e4rung verfasst, um Ihnen gem\u00e4\u00df der Vorgaben der EU-Datenschutz-Grundverordnung zu erkl\u00e4ren, welche Informationen wir sammeln, wie wir Daten verwenden und welche Entscheidungsm\u00f6glichkeiten Sie als Besucher dieser Webseite haben. Leider liegt es in der Natur der Sache, dass diese Erkl\u00e4rungen sehr technisch klingen, wir haben uns bei der Erstellung jedoch bem\u00fcht die wichtigsten Dinge so einfach und klar zu beschreiben.<\/p>\n<h3 style=\"text-align: center;\">Automatische Datenspeicherung<\/h3>\n<p style=\"text-align: center;\">Wenn Sie heutzutage Webseiten besuchen, werden gewisse Informationen automatisch erstellt und gespeichert, so auch auf dieser Webseite. Wenn Sie unsere Webseite so wie jetzt gerade besuchen, speichert unser Webserver (Computer auf dem diese Webseite gespeichert ist) automatisch Daten wie die IP-Adresse Ihres Ger\u00e4tes, die Adressen der besuchten Unterseiten, Details zu Ihrem Browser (z.B. Chrome, Firefox, Edge,\u2026) und Datum sowie Uhrzeit. Wir nutzen diese Daten nicht und geben Sie in der Regel nicht weiter, k\u00f6nnen jedoch nicht ausschlie\u00dfen, dass diese Daten beim Vorliegen von rechtswidrigem Verhalten eingesehen werden.<\/p>\n<h3 style=\"text-align: center;\">Speicherung pers\u00f6nliche Daten<\/h3>\n<p style=\"text-align: center;\">Pers\u00f6nliche Daten, die Sie uns auf dieser Website elektronisch \u00fcbermitteln, wie zum Beispiel Name, E-Mail-Adresse, Adresse oder andere pers\u00f6nlichen Angaben im Rahmen der \u00dcbermittlung eines Formulars oder Kommentaren im Blog, werden von uns gemeinsam mit dem Zeitpunkt und der IP-Adresse nur zum jeweils angegebenen Zweck verwendet, sicher verwahrt und nicht an Dritte weitergegeben. Wir nutzen Ihre pers\u00f6nlichen Daten somit nur f\u00fcr die Kommunikation mit jenen Besuchern, die Kontakt ausdr\u00fccklich w\u00fcnschen und f\u00fcr die Abwicklung der auf dieser Webseite angebotenen Dienstleistungen und Produkte. Wir geben Ihre pers\u00f6nlichen Daten ohne Zustimmung nicht weiter, k\u00f6nnen jedoch nicht ausschlie\u00dfen, dass diese Daten beim Vorliegen von rechtswidrigem Verhalten eingesehen werden. Wenn Sie uns pers\u00f6nliche Daten per E-Mail schicken \u2013 somit abseits dieser Webseite \u2013 k\u00f6nnen wir keine sichere \u00dcbertragung und den Schutz Ihrer Daten garantieren. Wir empfehlen Ihnen, vertrauliche Daten niemals unverschl\u00fcsselt per E-Mail zu \u00fcbermitteln.<\/p>\n<h3 style=\"text-align: center;\">Ihre Rechte<\/h3>\n<p style=\"text-align: center;\">Ihnen stehen grunds\u00e4tzlich die Rechte auf Auskunft, Berichtigung, L\u00f6schung, Einschr\u00e4nkung, Daten\u00fcbertragbarkeit, Widerruf und Widerspruch zu. Wenn Sie glauben, dass die Verarbeitung Ihrer Daten gegen das Datenschutzrecht verst\u00f6\u00dft oder Ihre datenschutzrechtlichen Anspr\u00fcche sonst in einer Weise verletzt worden sind, k\u00f6nnen Sie sich bei der Aufsichtsbeh\u00f6rde beschweren. In \u00d6sterreich ist dies die Datenschutzbeh\u00f6rde, deren Webseiten Sie unter <a href=\"http:\/\/web.archive.org\/web\/20220525193937\/https:\/\/www.dsb.gv.at\/\" target=\"_blank\" rel=\"noopener\">https:\/\/www.dsb.gv.at\/<\/a> finden.<\/p>\n<h3 style=\"text-align: center;\">TSL-Verschl\u00fcsselung mit https<\/h3>\n<p style=\"text-align: center;\">Wir verwenden https um Daten abh\u00f6rsicher im Internet zu \u00fcbertragen. Durch den Einsatz von TLS (Transport Layer Security), einem Verschl\u00fcsselungsprotokoll zur sicheren Daten\u00fcbertragung im Internet k\u00f6nnen wir den Schutz vertraulicher Daten sicherstellen. Sie erkennen die Benutzung dieser Absicherung der Daten\u00fcbertragung am kleinen Schlo\u00dfsymbol links oben im Browser und der Verwendung des Schemas https als Teil unserer Internetadresse.<\/p>\n<h3 style=\"text-align: center;\">Cookies<\/h3>\n<p style=\"text-align: center;\">Unsere Website verwendet HTTP-Cookies um nutzerspezifische Daten zu speichern. Ein Cookie ist ein kurzes Datenpaket, welches zwischen Webbrowser und Webserver ausgetauscht wird, f\u00fcr diese aber v\u00f6llig bedeutungslos ist und erst f\u00fcr die Webanwendung, z. B. einen Online-Shop, eine Bedeutung erh\u00e4lt, etwa den Inhalt eines virtuellen Warenkorbes. Es gibt zwei Arten von Cookies: Erstanbieter-Cookies werden von unserer Website erstellt, Drittanbieter-Cookies werden von anderen Websites (z. B. Google Analytics) erstellt. Man unterscheidet drei Kategorien von Cookies: unbedingt notwendige Cookies um grundlegende Funktionen der Website sicherzustellen, funktionelle Cookies um die Leistung der Webseite sicherzustellen und zielorientierte Cookies um das Benutzererlebnis zu verbessern. Wir nutzen Cookies, um unsere Webseite nutzerfreundlicher zu gestalten. Einige Cookies bleiben auf Ihrem Endger\u00e4t gespeichert, bis Sie diese l\u00f6schen. Sie erm\u00f6glichen es uns, Ihren Browser beim n\u00e4chsten Besuch wiederzuerkennen. Wenn Sie dies nicht w\u00fcnschen, so k\u00f6nnen Sie Ihren Browser so einrichten, dass er Sie \u00fcber das Setzen von Cookies informiert und Sie dies nur im Einzelfall erlauben. Sie k\u00f6nnen jederzeit Cookies, die sich bereits auf Ihrem Computer befinden, l\u00f6schen oder Cookies deaktivieren. Die Vorgangsweise dazu ist nach Browser unterschiedlich, am besten Sie suchen die Anleitung in Google mit dem Suchbegriff \u201ecookies l\u00f6schen chrome\u201c oder \u201ecookies deaktivieren chrome\u201c im Falle eines Chrome Browsers oder tauschen das Wort \u201echrome\u201c gegen den Namen Ihres Browsers, z. B. edge, firefox, safari aus. Wenn Sie uns generell nicht gestatten, Cookies zu nutzen, d.h. diese per Browsereinstellung deaktivieren, k\u00f6nnen manche Funktionen und Seiten nicht wie erwartet funktionieren.<\/p>\n<h3 style=\"text-align: center;\">Google Analytics<\/h3>\n<p style=\"text-align: center;\">Diese Website nutzt den Dienst \u201eGoogle Analytics\u201c, welcher von der Google Inc. (1600 Amphitheatre Parkway Mountain View, CA 94043, USA) angeboten wird, zur Analyse der Websitebenutzung durch Nutzer. Der Dienst verwendet \u201eCookies\u201c \u2013 Textdateien, welche auf Ihrem Endger\u00e4t gespeichert werden. Die durch die Cookies gesammelten Informationen werden im Regelfall an einen Google-Server in den USA gesandt und dort gespeichert. Auf dieser Website greift die IP-Anonymisierung. Die IP-Adresse der Nutzer wird innerhalb der Mitgliedsstaaten der EU und des Europ\u00e4ischen Wirtschaftsraum gek\u00fcrzt. Durch diese K\u00fcrzung entf\u00e4llt der Personenbezug Ihrer IP-Adresse. Im Rahmen der Vereinbarung zur Auftragsdatenvereinbarung, welche die Websitebetreiber mit der Google Inc. geschlossen haben, erstellt diese mithilfe der gesammelten Informationen eine Auswertung der Websitenutzung und der Websiteaktivit\u00e4t und erbringt mit der Internetnutzung verbundene Dienstleistungen. Sie haben die M\u00f6glichkeit, die Speicherung des Cookies auf Ihrem Ger\u00e4t zu verhindern, indem Sie in Ihrem Browser entsprechende Einstellungen vornehmen. Es ist nicht gew\u00e4hrleistet, dass Sie auf alle Funktionen dieser Website ohne Einschr\u00e4nkungen zugreifen k\u00f6nnen, wenn Ihr Browser keine Cookies zul\u00e4sst. Weiterhin k\u00f6nnen Sie durch ein Browser-Plugin verhindern, dass die durch Cookies gesammelten Informationen (inklusive Ihrer IP-Adresse) an die Google Inc. gesendet und von der Google Inc. genutzt werden. Folgender Link f\u00fchrt Sie zu dem entsprechenden Plugin: <a href=\"http:\/\/web.archive.org\/web\/20220525193937\/https:\/\/tools.google.com\/dlpage\/gaoptout?hl=de\" target=\"_blank\" rel=\"noopener\">https:\/\/tools.google.com\/dlpage\/gaoptout?hl=de<\/a> Alternativ verhindern Sie mit einem Klick auf <a>diesen Link<\/a>, dass Google Analytics innerhalb dieser Website Daten \u00fcber Sie erfasst. Mit dem Klick auf obigen Link laden Sie ein \u201eOpt-Out-Cookie\u201c herunter. Ihr Browser muss die Speicherung von Cookies also hierzu grunds\u00e4tzlich erlauben. L\u00f6schen Sie Ihre Cookies regelm\u00e4\u00dfig, ist ein erneuter Klick auf den Link bei jedem Besuch dieser Website vonn\u00f6ten. Hier finden Sie weitere Informationen zur Datennutzung durch die Google Inc.: <a href=\"http:\/\/web.archive.org\/web\/20220525193937\/https:\/\/policies.google.com\/technologies\/partner-sites?hl=de\" target=\"_blank\" rel=\"noopener\">Datennutzung von Google<\/a><\/p>\n<h3 style=\"text-align: center;\">Vimeo<\/h3>\n<p style=\"text-align: center;\">Auf unserer Website sind Plugins des Videoportals Vimeo der Vimeo, LLC, 555 West 18th Street, New York, New York 10011, USA eingebunden. Bei jedem Aufruf einer Seite, die ein oder mehrere Vimeo-Videoclips anbietet, wird eine direkte Verbindung zwischen Ihrem Browser und einem Server von Vimeo in den USA hergestellt. Dabei werden Informationen \u00fcber Ihren Besuch und Ihre IP-Adresse dort gespeichert. Durch Interaktionen mit den Vimeo Plugins (z.B. Klicken des Start-Buttons) werden diese Informationen ebenfalls an Vimeo \u00fcbermittelt und dort gespeichert. Wenn Sie ein Vimeo-Benutzerkonto haben und nicht m\u00f6chten, dass Vimeo \u00fcber diese Website Daten \u00fcber Sie sammelt und mit Ihren bei Vimeo gespeicherten Mitgliedsdaten verkn\u00fcpft, m\u00fcssen Sie sich vor Ihrem Besuch dieser Website bei Vimeo ausloggen. Die Datenschutzerkl\u00e4rung f\u00fcr Vimeo mit n\u00e4heren Informationen zur Erhebung und Nutzung Ihrer Daten durch Vimeo finden Sie unter <a href=\"http:\/\/web.archive.org\/web\/20220525193937\/http:\/\/vimeo.com\/privacy\" target=\"_blank\" rel=\"noopener\">http:\/\/vimeo.com\/privacy<\/a>. Au\u00dferdem ruft Vimeo \u00fcber einen iFrame, in dem das Video aufgerufen wird, den Tracker Google Analytics auf. Dabei handelt es sich um ein eigenes Tracking von Vimeo, auf das wir keinen Zugriff haben. Sie k\u00f6nnen das Tracking durch Google Analytics unterbinden, indem Sie die Deaktivierungs-Tools einsetzen, die Google f\u00fcr einige Internet-Browser anbietet. Die Nutzer k\u00f6nnen dar\u00fcber hinaus die Erfassung der durch Google Analytics erzeugten und auf ihre Nutzung der Website bezogenen Daten (inkl. Ihrer IP-Adresse) an Google sowie die Verarbeitung dieser Daten durch Google verhindern, indem sie das unter dem folgenden Link verf\u00fcgbare Browser-Plugin herunterladen und installieren: <a href=\"http:\/\/web.archive.org\/web\/20220525193937\/http:\/\/tools.google.com\/dlpage\/gaoptout?hl=de\" target=\"_blank\" rel=\"noopener\">http:\/\/tools.google.com\/dlpage\/gaoptout?hl=de<\/a><\/p>\n<\/div>\n<\/div>\n<\/div>\n<\/div>\n<\/div>\n<\/div>\n<\/div>\n[\/vc_column_text][\/vc_column][\/vc_row]\n","protected":false},"excerpt":{"rendered":"<p>[vc_row type=&#8220;full_width_background&#8220; full_screen_row_position=&#8220;middle&#8220; column_margin=&#8220;default&#8220; column_direction=&#8220;default&#8220; column_direction_tablet=&#8220;default&#8220; column_direction_phone=&#8220;default&#8220; bg_color=&#8220;#f7f7f7&#8243; scene_position=&#8220;center&#8220; top_padding=&#8220;6&#8243; bottom_padding=&#8220;10&#8243; text_color=&#8220;dark&#8220; text_align=&#8220;left&#8220; row_border_radius=&#8220;none&#8220; row_border_radius_applies=&#8220;bg&#8220; zindex=&#8220;100&#8243; overflow=&#8220;visible&#8220; overlay_strength=&#8220;0.3&#8243; gradient_direction=&#8220;left_to_right&#8220; shape_divider_position=&#8220;bottom&#8220; bg_image_animation=&#8220;none&#8220; shape_type=&#8220;&#8220; gradient_type=&#8220;default&#8220;][vc_column column_padding=&#8220;no-extra-padding&#8220; column_padding_tablet=&#8220;inherit&#8220;&#8230;<\/p>\n","protected":false},"author":1,"featured_media":0,"parent":0,"menu_order":0,"comment_status":"closed","ping_status":"closed","template":"","meta":{"_monsterinsights_skip_tracking":false,"_monsterinsights_sitenote_active":false,"_monsterinsights_sitenote_note":"","_monsterinsights_sitenote_category":0,"footnotes":""},"folder":[],"class_list":["post-6798","page","type-page","status-publish"],"aioseo_notices":[],"_links":{"self":[{"href":"https:\/\/www.salondeluxe.at\/home\/wp-json\/wp\/v2\/pages\/6798","targetHints":{"allow":["GET"]}}],"collection":[{"href":"https:\/\/www.salondeluxe.at\/home\/wp-json\/wp\/v2\/pages"}],"about":[{"href":"https:\/\/www.salondeluxe.at\/home\/wp-json\/wp\/v2\/types\/page"}],"author":[{"embeddable":true,"href":"https:\/\/www.salondeluxe.at\/home\/wp-json\/wp\/v2\/users\/1"}],"replies":[{"embeddable":true,"href":"https:\/\/www.salondeluxe.at\/home\/wp-json\/wp\/v2\/comments?post=6798"}],"version-history":[{"count":7,"href":"https:\/\/www.salondeluxe.at\/home\/wp-json\/wp\/v2\/pages\/6798\/revisions"}],"predecessor-version":[{"id":8048,"href":"https:\/\/www.salondeluxe.at\/home\/wp-json\/wp\/v2\/pages\/6798\/revisions\/8048"}],"wp:attachment":[{"href":"https:\/\/www.salondeluxe.at\/home\/wp-json\/wp\/v2\/media?parent=6798"}],"wp:term":[{"taxonomy":"folder","embeddable":true,"href":"https:\/\/www.salondeluxe.at\/home\/wp-json\/wp\/v2\/folder?post=6798"}],"curies":[{"name":"wp","href":"https:\/\/api.w.org\/{rel}","templated":true}]}}